{"id":234,"date":"2018-07-18T11:55:09","date_gmt":"2018-07-18T11:55:09","guid":{"rendered":"https:\/\/demo.afthemes.com\/storymag-pro\/?page_id=37"},"modified":"2022-12-31T02:25:30","modified_gmt":"2022-12-31T05:25:30","slug":"home","status":"publish","type":"page","link":"https:\/\/assppol.com.ar\/","title":{"rendered":"Home 1"},"content":{"rendered":"<div id=\"pl-234\"  class=\"panel-layout\" ><div id=\"pg-234-0\"  class=\"panel-grid panel-no-style\" ><div id=\"pgc-234-0-0\"  class=\"panel-grid-cell\" ><div id=\"panel-234-0-0-0\" class=\"so-panel widget widget_covernews_double_col_categorised_posts covernews_double_col_categorised_posts grid-layout panel-first-child\" data-index=\"0\" ><div class=\"panel-widget-style panel-widget-style-for-234-0-0-0\" >                        <div class=\"em-title-subtitle-wrap\">\n                                    <h4 class=\"widget-title header-after1\">\n                        <span class=\"header-after\">\n                            cuadricula de noticias                            <\/span>\n                    <\/h4>\n                \n            <\/div>\n                                <div class=\"widget-wrapper\">\n                <div class=\"row\">\n                                                <div class=\"col-sm-4 second-wiz\" data-mh=\"em-double-column\">\n                                <div class=\"spotlight-post\">\n\n                                    <figure class=\"categorised-article inside-img\">\n                                        <div class=\"categorised-article-wrapper\">\n                                            <div class=\"data-bg-hover data-bg-categorised read-bg-img\">\n                                                <a href=\"https:\/\/assppol.com.ar\/?p=792\">\n                                                        <img loading=\"lazy\" decoding=\"async\" width=\"239\" height=\"300\" src=\"https:\/\/assppol.com.ar\/wp-content\/uploads\/2025\/09\/Imagen-de-WhatsApp-2025-09-19-a-las-19.06.49_76f9e58a-239x300.jpg\" class=\"attachment-medium size-medium wp-post-image\" alt=\"\" srcset=\"https:\/\/assppol.com.ar\/wp-content\/uploads\/2025\/09\/Imagen-de-WhatsApp-2025-09-19-a-las-19.06.49_76f9e58a-239x300.jpg 239w, https:\/\/assppol.com.ar\/wp-content\/uploads\/2025\/09\/Imagen-de-WhatsApp-2025-09-19-a-las-19.06.49_76f9e58a.jpg 653w\" sizes=\"auto, (max-width: 239px) 100vw, 239px\" \/>                                                    <\/a>\n\n                                            <\/div>\n                                        <\/div>\n                                                                                <div class=\"figure-categories figure-categories-bg\">\n                                            \n                                            <ul class=\"cat-links\"><li class=\"meta-category\">\n                             <a class=\"covernews-categories category-color-1\" href=\"https:\/\/assppol.com.ar\/?cat=4\" alt=\"View all posts in Noticias ASSPPOL..\"> \n                                 Noticias ASSPPOL..\n                             <\/a>\n                        <\/li><\/ul>                                        <\/div>\n                                    <\/figure>\n\n                                    <figcaption>\n                                        \n                                        <h3 class=\"article-title article-title-1\">\n                                            <a href=\"https:\/\/assppol.com.ar\/?p=792\">\n                                                Encuentro en Aimogasta Unidad Regional 3\u00b0                                            <\/a>\n                                        <\/h3>\n                                        <div class=\"grid-item-metadata\">\n                                            \n        <span class=\"author-links\">\n                            <span class=\"item-metadata posts-date\">\n                <i class=\"far fa-clock\"><\/i>\n                <a href=\"https:\/\/assppol.com.ar\/?m=202509\"> \n                    19 septiembre, 2025                    <\/a>\n            <\/span>\n                                <\/span>\n                                                <\/div>\n                                                                                    <div class=\"full-item-discription\">\n                                                <div class=\"post-description\">\n                                                                                                            <p>Nos reunimos con nuestros afiliados y afiliadas en Aimogasta, Unidad Regional\u00a0 3\u00b0, para analizar las necesidades y propuestas de la regi\u00f3n. El objetivo central de...<\/p>\n                                                                                                    <\/div>\n                                            <\/div>\n                                                                            <\/figcaption>\n                                <\/div>\n                            <\/div>\n\n                                                    <div class=\"col-sm-4 second-wiz\" data-mh=\"em-double-column\">\n                                <div class=\"spotlight-post\">\n\n                                    <figure class=\"categorised-article inside-img\">\n                                        <div class=\"categorised-article-wrapper\">\n                                            <div class=\"data-bg-hover data-bg-categorised read-bg-img\">\n                                                <a href=\"https:\/\/assppol.com.ar\/?p=789\">\n                                                        <img loading=\"lazy\" decoding=\"async\" width=\"160\" height=\"300\" src=\"https:\/\/assppol.com.ar\/wp-content\/uploads\/2025\/09\/Imagen-de-WhatsApp-2025-09-17-a-las-19.47.02_9c17612a-160x300.jpg\" class=\"attachment-medium size-medium wp-post-image\" alt=\"\" srcset=\"https:\/\/assppol.com.ar\/wp-content\/uploads\/2025\/09\/Imagen-de-WhatsApp-2025-09-17-a-las-19.47.02_9c17612a-160x300.jpg 160w, https:\/\/assppol.com.ar\/wp-content\/uploads\/2025\/09\/Imagen-de-WhatsApp-2025-09-17-a-las-19.47.02_9c17612a-546x1024.jpg 546w, https:\/\/assppol.com.ar\/wp-content\/uploads\/2025\/09\/Imagen-de-WhatsApp-2025-09-17-a-las-19.47.02_9c17612a.jpg 566w\" sizes=\"auto, (max-width: 160px) 100vw, 160px\" \/>                                                    <\/a>\n\n                                            <\/div>\n                                        <\/div>\n                                                                                <div class=\"figure-categories figure-categories-bg\">\n                                            \n                                            <ul class=\"cat-links\"><li class=\"meta-category\">\n                             <a class=\"covernews-categories category-color-1\" href=\"https:\/\/assppol.com.ar\/?cat=4\" alt=\"View all posts in Noticias ASSPPOL..\"> \n                                 Noticias ASSPPOL..\n                             <\/a>\n                        <\/li><\/ul>                                        <\/div>\n                                    <\/figure>\n\n                                    <figcaption>\n                                        \n                                        <h3 class=\"article-title article-title-1\">\n                                            <a href=\"https:\/\/assppol.com.ar\/?p=789\">\n                                                Comprometidos con Nuestra Comunidad: Un Encuentro Cercano con Regional 1\u00b0 Villa Uni\u00f3n                                            <\/a>\n                                        <\/h3>\n                                        <div class=\"grid-item-metadata\">\n                                            \n        <span class=\"author-links\">\n                            <span class=\"item-metadata posts-date\">\n                <i class=\"far fa-clock\"><\/i>\n                <a href=\"https:\/\/assppol.com.ar\/?m=202509\"> \n                    19 septiembre, 2025                    <\/a>\n            <\/span>\n                                <\/span>\n                                                <\/div>\n                                                                                    <div class=\"full-item-discription\">\n                                                <div class=\"post-description\">\n                                                                                                            <p>Desde Assppol, reafirmamos nuestro compromiso de trabajar estrechamente con nuestros afiliados y afiliadas, poniendo en el centro de nuestra labor las necesidades y expectativas de...<\/p>\n                                                                                                    <\/div>\n                                            <\/div>\n                                                                            <\/figcaption>\n                                <\/div>\n                            <\/div>\n\n                                                    <div class=\"col-sm-4 second-wiz\" data-mh=\"em-double-column\">\n                                <div class=\"spotlight-post\">\n\n                                    <figure class=\"categorised-article inside-img\">\n                                        <div class=\"categorised-article-wrapper\">\n                                            <div class=\"data-bg-hover data-bg-categorised read-bg-img\">\n                                                <a href=\"https:\/\/assppol.com.ar\/?p=781\">\n                                                        <img loading=\"lazy\" decoding=\"async\" width=\"300\" height=\"296\" src=\"https:\/\/assppol.com.ar\/wp-content\/uploads\/2025\/09\/WhatsApp-Image-2025-09-08-at-19.24.30-1-300x296.jpeg\" class=\"attachment-medium size-medium wp-post-image\" alt=\"\" srcset=\"https:\/\/assppol.com.ar\/wp-content\/uploads\/2025\/09\/WhatsApp-Image-2025-09-08-at-19.24.30-1-300x296.jpeg 300w, https:\/\/assppol.com.ar\/wp-content\/uploads\/2025\/09\/WhatsApp-Image-2025-09-08-at-19.24.30-1-1024x1012.jpeg 1024w, https:\/\/assppol.com.ar\/wp-content\/uploads\/2025\/09\/WhatsApp-Image-2025-09-08-at-19.24.30-1-768x759.jpeg 768w, https:\/\/assppol.com.ar\/wp-content\/uploads\/2025\/09\/WhatsApp-Image-2025-09-08-at-19.24.30-1.jpeg 1159w\" sizes=\"auto, (max-width: 300px) 100vw, 300px\" \/>                                                    <\/a>\n\n                                            <\/div>\n                                        <\/div>\n                                                                                <div class=\"figure-categories figure-categories-bg\">\n                                            \n                                            <ul class=\"cat-links\"><li class=\"meta-category\">\n                             <a class=\"covernews-categories category-color-1\" href=\"https:\/\/assppol.com.ar\/?cat=4\" alt=\"View all posts in Noticias ASSPPOL..\"> \n                                 Noticias ASSPPOL..\n                             <\/a>\n                        <\/li><\/ul>                                        <\/div>\n                                    <\/figure>\n\n                                    <figcaption>\n                                        \n                                        <h3 class=\"article-title article-title-1\">\n                                            <a href=\"https:\/\/assppol.com.ar\/?p=781\">\n                                                Farmanor llega a Chepes: un paso hacia el bienestar de nuestros afiliados                                            <\/a>\n                                        <\/h3>\n                                        <div class=\"grid-item-metadata\">\n                                            \n        <span class=\"author-links\">\n                            <span class=\"item-metadata posts-date\">\n                <i class=\"far fa-clock\"><\/i>\n                <a href=\"https:\/\/assppol.com.ar\/?m=202509\"> \n                    19 septiembre, 2025                    <\/a>\n            <\/span>\n                                <\/span>\n                                                <\/div>\n                                                                                    <div class=\"full-item-discription\">\n                                                <div class=\"post-description\">\n                                                                                                            <p>Farmanor en Chepes no solo representa una expansi\u00f3n comercial, sino tambi\u00e9n un compromiso genuino con la comunidad. Desde Assppol, queremos formar parte de esta iniciativa...<\/p>\n                                                                                                    <\/div>\n                                            <\/div>\n                                                                            <\/figcaption>\n                                <\/div>\n                            <\/div>\n\n                                                    <div class=\"col-sm-4 second-wiz\" data-mh=\"em-double-column\">\n                                <div class=\"spotlight-post\">\n\n                                    <figure class=\"categorised-article inside-img\">\n                                        <div class=\"categorised-article-wrapper\">\n                                            <div class=\"data-bg-hover data-bg-categorised read-bg-img\">\n                                                <a href=\"https:\/\/assppol.com.ar\/?p=774\">\n                                                        <img loading=\"lazy\" decoding=\"async\" width=\"180\" height=\"300\" src=\"https:\/\/assppol.com.ar\/wp-content\/uploads\/2025\/09\/Imagen-de-WhatsApp-2025-09-17-a-las-19.47.01_c59ad682-180x300.jpg\" class=\"attachment-medium size-medium wp-post-image\" alt=\"\" srcset=\"https:\/\/assppol.com.ar\/wp-content\/uploads\/2025\/09\/Imagen-de-WhatsApp-2025-09-17-a-las-19.47.01_c59ad682-180x300.jpg 180w, https:\/\/assppol.com.ar\/wp-content\/uploads\/2025\/09\/Imagen-de-WhatsApp-2025-09-17-a-las-19.47.01_c59ad682.jpg 522w\" sizes=\"auto, (max-width: 180px) 100vw, 180px\" \/>                                                    <\/a>\n\n                                            <\/div>\n                                        <\/div>\n                                                                                <div class=\"figure-categories figure-categories-bg\">\n                                            \n                                            <ul class=\"cat-links\"><li class=\"meta-category\">\n                             <a class=\"covernews-categories category-color-1\" href=\"https:\/\/assppol.com.ar\/?cat=4\" alt=\"View all posts in Noticias ASSPPOL..\"> \n                                 Noticias ASSPPOL..\n                             <\/a>\n                        <\/li><\/ul>                                        <\/div>\n                                    <\/figure>\n\n                                    <figcaption>\n                                        \n                                        <h3 class=\"article-title article-title-1\">\n                                            <a href=\"https:\/\/assppol.com.ar\/?p=774\">\n                                                Entrega de Bicicletas Venzo Rodado 29 a Nuestros Afiliados                                            <\/a>\n                                        <\/h3>\n                                        <div class=\"grid-item-metadata\">\n                                            \n        <span class=\"author-links\">\n                            <span class=\"item-metadata posts-date\">\n                <i class=\"far fa-clock\"><\/i>\n                <a href=\"https:\/\/assppol.com.ar\/?m=202509\"> \n                    17 septiembre, 2025                    <\/a>\n            <\/span>\n                                <\/span>\n                                                <\/div>\n                                                                                    <div class=\"full-item-discription\">\n                                                <div class=\"post-description\">\n                                                                                                            <p>Nos complace anunciar que seguimos entregando las Bicicletas Venzo Rodado 29 a nuestros afiliados y afiliadas. Este programa tiene como objetivo promover un estilo de...<\/p>\n                                                                                                    <\/div>\n                                            <\/div>\n                                                                            <\/figcaption>\n                                <\/div>\n                            <\/div>\n\n                                                    <div class=\"col-sm-4 second-wiz\" data-mh=\"em-double-column\">\n                                <div class=\"spotlight-post\">\n\n                                    <figure class=\"categorised-article inside-img\">\n                                        <div class=\"categorised-article-wrapper\">\n                                            <div class=\"data-bg-hover data-bg-categorised read-bg-img\">\n                                                <a href=\"https:\/\/assppol.com.ar\/?p=769\">\n                                                        <img loading=\"lazy\" decoding=\"async\" width=\"214\" height=\"300\" src=\"https:\/\/assppol.com.ar\/wp-content\/uploads\/2025\/09\/Imagen-de-WhatsApp-2025-09-17-a-las-19.25.48_80e9c962-214x300.jpg\" class=\"attachment-medium size-medium wp-post-image\" alt=\"\" srcset=\"https:\/\/assppol.com.ar\/wp-content\/uploads\/2025\/09\/Imagen-de-WhatsApp-2025-09-17-a-las-19.25.48_80e9c962-214x300.jpg 214w, https:\/\/assppol.com.ar\/wp-content\/uploads\/2025\/09\/Imagen-de-WhatsApp-2025-09-17-a-las-19.25.48_80e9c962-731x1024.jpg 731w, https:\/\/assppol.com.ar\/wp-content\/uploads\/2025\/09\/Imagen-de-WhatsApp-2025-09-17-a-las-19.25.48_80e9c962-768x1076.jpg 768w, https:\/\/assppol.com.ar\/wp-content\/uploads\/2025\/09\/Imagen-de-WhatsApp-2025-09-17-a-las-19.25.48_80e9c962.jpg 914w\" sizes=\"auto, (max-width: 214px) 100vw, 214px\" \/>                                                    <\/a>\n\n                                            <\/div>\n                                        <\/div>\n                                                                                <div class=\"figure-categories figure-categories-bg\">\n                                            \n                                            <ul class=\"cat-links\"><li class=\"meta-category\">\n                             <a class=\"covernews-categories category-color-1\" href=\"https:\/\/assppol.com.ar\/?cat=4\" alt=\"View all posts in Noticias ASSPPOL..\"> \n                                 Noticias ASSPPOL..\n                             <\/a>\n                        <\/li><\/ul>                                        <\/div>\n                                    <\/figure>\n\n                                    <figcaption>\n                                        \n                                        <h3 class=\"article-title article-title-1\">\n                                            <a href=\"https:\/\/assppol.com.ar\/?p=769\">\n                                                Como afiliarte?                                            <\/a>\n                                        <\/h3>\n                                        <div class=\"grid-item-metadata\">\n                                            \n        <span class=\"author-links\">\n                            <span class=\"item-metadata posts-date\">\n                <i class=\"far fa-clock\"><\/i>\n                <a href=\"https:\/\/assppol.com.ar\/?m=202509\"> \n                    17 septiembre, 2025                    <\/a>\n            <\/span>\n                                <\/span>\n                                                <\/div>\n                                                                                    <div class=\"full-item-discription\">\n                                                <div class=\"post-description\">\n                                                                                                            <p>&nbsp; Afiliaci\u00f3n Presencial Por nuestra Sede en 9 de Julio N\u00b0278 Solo con tu DNI Afiliaci\u00f3n En Linea Ll\u00e1manos o env\u00edanos un WhatsApp al 3804129849...<\/p>\n                                                                                                    <\/div>\n                                            <\/div>\n                                                                            <\/figcaption>\n                                <\/div>\n                            <\/div>\n\n                                                    <div class=\"col-sm-4 second-wiz\" data-mh=\"em-double-column\">\n                                <div class=\"spotlight-post\">\n\n                                    <figure class=\"categorised-article inside-img\">\n                                        <div class=\"categorised-article-wrapper\">\n                                            <div class=\"data-bg-hover data-bg-categorised read-bg-img\">\n                                                <a href=\"https:\/\/assppol.com.ar\/?p=678\">\n                                                        <img loading=\"lazy\" decoding=\"async\" width=\"300\" height=\"195\" src=\"https:\/\/assppol.com.ar\/wp-content\/uploads\/2023\/09\/HotelCba-300x195.jpeg\" class=\"attachment-medium size-medium wp-post-image\" alt=\"\" srcset=\"https:\/\/assppol.com.ar\/wp-content\/uploads\/2023\/09\/HotelCba-300x195.jpeg 300w, https:\/\/assppol.com.ar\/wp-content\/uploads\/2023\/09\/HotelCba.jpeg 580w\" sizes=\"auto, (max-width: 300px) 100vw, 300px\" \/>                                                    <\/a>\n\n                                            <\/div>\n                                        <\/div>\n                                                                                <div class=\"figure-categories figure-categories-bg\">\n                                            \n                                            <ul class=\"cat-links\"><li class=\"meta-category\">\n                             <a class=\"covernews-categories category-color-1\" href=\"https:\/\/assppol.com.ar\/?cat=4\" alt=\"View all posts in Noticias ASSPPOL..\"> \n                                 Noticias ASSPPOL..\n                             <\/a>\n                        <\/li><\/ul>                                        <\/div>\n                                    <\/figure>\n\n                                    <figcaption>\n                                        \n                                        <h3 class=\"article-title article-title-1\">\n                                            <a href=\"https:\/\/assppol.com.ar\/?p=678\">\n                                                Hoteles en C\u00f3rdoba                                            <\/a>\n                                        <\/h3>\n                                        <div class=\"grid-item-metadata\">\n                                            \n        <span class=\"author-links\">\n                            <span class=\"item-metadata posts-date\">\n                <i class=\"far fa-clock\"><\/i>\n                <a href=\"https:\/\/assppol.com.ar\/?m=202309\"> \n                    15 septiembre, 2023                    <\/a>\n            <\/span>\n                                <\/span>\n                                                <\/div>\n                                                                                    <div class=\"full-item-discription\">\n                                                <div class=\"post-description\">\n                                                                                                            <p>(m\u00e1s&hellip;)<\/p>\n                                                                                                    <\/div>\n                                            <\/div>\n                                                                            <\/figcaption>\n                                <\/div>\n                            <\/div>\n\n                        \n                <\/div>\n            <\/div>\n\n            <\/div><\/div><div id=\"panel-234-0-0-1\" class=\"so-panel widget widget_media_image panel-last-child\" data-index=\"1\" ><img loading=\"lazy\" decoding=\"async\" width=\"940\" height=\"198\" src=\"https:\/\/assppol.com.ar\/wp-content\/uploads\/2022\/12\/logo1.png\" class=\"image wp-image-27  attachment-full size-full\" alt=\"\" style=\"max-width: 100%; height: auto;\" srcset=\"https:\/\/assppol.com.ar\/wp-content\/uploads\/2022\/12\/logo1.png 940w, https:\/\/assppol.com.ar\/wp-content\/uploads\/2022\/12\/logo1-300x63.png 300w, https:\/\/assppol.com.ar\/wp-content\/uploads\/2022\/12\/logo1-768x162.png 768w\" sizes=\"auto, (max-width: 940px) 100vw, 940px\" \/><\/div><\/div><\/div><\/div>","protected":false},"excerpt":{"rendered":"<p>cuadricula de noticias Noticias ASSPPOL.. Encuentro en Aimogasta Unidad Regional 3\u00b0 19 septiembre, 2025 Nos&#8230;<\/p>\n","protected":false},"author":1,"featured_media":0,"parent":0,"menu_order":0,"comment_status":"closed","ping_status":"closed","template":"tmpl-front-page.php","meta":{"footnotes":""},"class_list":["post-234","page","type-page","status-publish","hentry"],"_links":{"self":[{"href":"https:\/\/assppol.com.ar\/index.php?rest_route=\/wp\/v2\/pages\/234","targetHints":{"allow":["GET"]}}],"collection":[{"href":"https:\/\/assppol.com.ar\/index.php?rest_route=\/wp\/v2\/pages"}],"about":[{"href":"https:\/\/assppol.com.ar\/index.php?rest_route=\/wp\/v2\/types\/page"}],"author":[{"embeddable":true,"href":"https:\/\/assppol.com.ar\/index.php?rest_route=\/wp\/v2\/users\/1"}],"replies":[{"embeddable":true,"href":"https:\/\/assppol.com.ar\/index.php?rest_route=%2Fwp%2Fv2%2Fcomments&post=234"}],"version-history":[{"count":5,"href":"https:\/\/assppol.com.ar\/index.php?rest_route=\/wp\/v2\/pages\/234\/revisions"}],"predecessor-version":[{"id":315,"href":"https:\/\/assppol.com.ar\/index.php?rest_route=\/wp\/v2\/pages\/234\/revisions\/315"}],"wp:attachment":[{"href":"https:\/\/assppol.com.ar\/index.php?rest_route=%2Fwp%2Fv2%2Fmedia&parent=234"}],"curies":[{"name":"wp","href":"https:\/\/api.w.org\/{rel}","templated":true}]}}