{"id":263,"date":"2022-12-30T14:54:38","date_gmt":"2022-12-30T17:54:38","guid":{"rendered":"https:\/\/assppol.com.ar\/?page_id=263"},"modified":"2025-09-19T19:33:27","modified_gmt":"2025-09-19T22:33:27","slug":"farmacia-2","status":"publish","type":"page","link":"https:\/\/assppol.com.ar\/?page_id=263","title":{"rendered":"Salud"},"content":{"rendered":"<p><img loading=\"lazy\" decoding=\"async\" class=\"alignnone size-medium wp-image-536\" src=\"https:\/\/assppol.com.ar\/wp-content\/uploads\/2023\/05\/SeparadorFarmaciasCapital-300x36.png\" alt=\"\" width=\"300\" height=\"36\" srcset=\"https:\/\/assppol.com.ar\/wp-content\/uploads\/2023\/05\/SeparadorFarmaciasCapital-300x36.png 300w, https:\/\/assppol.com.ar\/wp-content\/uploads\/2023\/05\/SeparadorFarmaciasCapital-1024x123.png 1024w, https:\/\/assppol.com.ar\/wp-content\/uploads\/2023\/05\/SeparadorFarmaciasCapital-768x92.png 768w, https:\/\/assppol.com.ar\/wp-content\/uploads\/2023\/05\/SeparadorFarmaciasCapital.png 1181w\" sizes=\"auto, (max-width: 300px) 100vw, 300px\" \/><\/p>\n<p><strong>Armon\u00eda a Tu Bienestar (Centro de atenci\u00f3n Integral al cuidado del cuerpo)<\/strong> <strong>&#8211;<\/strong> Zona Sur &#8211; Tel: 380 4250731<\/p>\n<hr \/>\n<p><strong>M\u00e9dica Cl\u00ednica y Diabet\u00f3loga Dra. Chirinos Miranda <\/strong>&#8211; Tel: 380 4894422 &#8211; Cl\u00ednica Mercado Luna<\/p>\n<hr \/>\n<p><strong>Pediatra\/Neonat\u00f3loga Dra. Roxana Carballo &#8211;<\/strong> Benjam\u00edn de la Vega 262 &#8211; Tel: 3804501973<\/p>\n<hr \/>\n<p><strong>Infectolog\u00eda<\/strong> <strong>Dra. Reyes Nahir<\/strong> | 380 4249617 | Benjamin de la Vega esq.Urquiza<\/p>\n<hr \/>\n<p><strong>Endocrinolog\u00eda\u00a0 Dra. Maria E. Garcia<\/strong> | 4481020 | 9 de Julio 457 &#8211; <span style=\"color: #008000;\"><strong>Integral Salud<\/strong><\/span><\/p>\n<hr \/>\n<p><strong>Medico de Familia Dr. Exequiel Cortez<\/strong> |380 4449137 \/ 4375881| 8 de diciembre 160 &#8211; <strong><span style=\"color: #008000;\">Sped Consultorio<\/span><\/strong><\/p>\n<hr \/>\n<p><strong>Enfermer\u00eda Puyo Julio<\/strong> |380 4449137 \/ 4375881| 8 de diciembre 160 &#8211; <span style=\"color: #008000;\"><strong>Sped Consultorio<\/strong><\/span><\/p>\n<hr \/>\n<p><strong>Nutrici\u00f3n Lic. Soledad Ya\u00f1ez<\/strong> | 380 4894422 | Bazan y Bustos 25<\/p>\n<hr \/>\n<p><strong>Terapista Ocupacional. Lic. Carolina Zapata<\/strong> |0380 4589970|Urquiza 264|<\/p>\n<hr \/>\n<p><strong>Odontolog\u00eda Dr. Fabio O. Vega<\/strong>| 03821-15403023 | Algarrobo Blanco MCasa N\u00b02<\/p>\n<hr \/>\n<p><strong>Odontolog\u00eda Dr. Marcelo Gonzalez<\/strong> | 380 &#8211; 4665845 | Av. Castro Barros 1323<\/p>\n<hr \/>\n<p><strong>Odontolog\u00eda Dra. Natalia Flores<\/strong> | 03821-15498085 | Emilio Huniken 98<\/p>\n<hr \/>\n<p><strong>Oftalmolog\u00eda Centro de la Visi\u00f3n<\/strong> | 0380 4427111 | Santa Fe 632<\/p>\n<hr \/>\n<p><strong>Oftalmolog\u00eda Centro de Ojo<\/strong>s | 0380 432082 | Urquiza 969<\/p>\n<hr \/>\n<p><strong>Oftalmolog\u00eda Dr. Ricardo de la Colina<\/strong> | 0380 4481020 | 9 de Julio 457 &#8211; <span style=\"color: #008000;\"><strong>Integral Salud<\/strong><\/span><\/p>\n<hr \/>\n<p><strong>Oftalmolog\u00eda Dr. Marcelo A. Cabrera<\/strong> | 4422961 | Catamarca 214<\/p>\n<hr \/>\n<p><strong>Laboratorio Robel | <\/strong>0380 4474081 <span style=\"color: #000000;\">|<\/span> San Nicolas de Bari 338<\/p>\n<hr \/>\n<p><strong>Cidim Im\u00e1genes Medicas &#8211;<\/strong> J. B. Alberdi y Catamarca \/Mercado Luna\/ &#8211; Tel.: (380-4427653-4460212)<\/p>\n<hr \/>\n<p><b>Pedigraf\u00eda digital | <\/b>0380 4434355 | 9 de Julio 278<\/p>\n<hr \/>\n<p><strong>Plantillas Ortop\u00e9dicas<\/strong> | 0380 4434355 | 9 de Julio 278<\/p>\n<hr \/>\n<p><strong>Elementos Ortop\u00e9dicos<\/strong> | 0380 4434355 | 9 de Julio 278<\/p>\n<hr \/>\n<h2><span style=\"color: #008000;\">\u00d3pticas<\/span><\/h2>\n<hr \/>\n<p><strong>Optitob<\/strong> \u2013 Av. Angelleli 1165 B\u00b0 Evita \u2013 Tel.: 380 4444075<\/p>\n<hr \/>\n<p><strong>Lutz Ferrando \u2013 <\/strong>Pelagio B. Luna 471 \u2013 Tel.: 380 4462441<\/p>\n<hr \/>\n<p><strong>Santa Rita <\/strong>\u2013 Av. Rivadavia 487 \u2013 Tel.: 0380 4465845<\/p>\n<hr \/>\n<p><strong>Crill\u00f3n<\/strong> \u2013 San Nicol\u00e1s de Bari (0) 652 &#8211; Shopping Catedral \u2013 Tel 0380 4461014<\/p>\n<hr \/>\n<p><img loading=\"lazy\" decoding=\"async\" class=\"alignnone size-medium wp-image-537\" src=\"https:\/\/assppol.com.ar\/wp-content\/uploads\/2023\/05\/SeparadorFarmaciasChilecito-300x36.png\" alt=\"\" width=\"300\" height=\"36\" srcset=\"https:\/\/assppol.com.ar\/wp-content\/uploads\/2023\/05\/SeparadorFarmaciasChilecito-300x36.png 300w, https:\/\/assppol.com.ar\/wp-content\/uploads\/2023\/05\/SeparadorFarmaciasChilecito-1024x123.png 1024w, https:\/\/assppol.com.ar\/wp-content\/uploads\/2023\/05\/SeparadorFarmaciasChilecito-768x92.png 768w, https:\/\/assppol.com.ar\/wp-content\/uploads\/2023\/05\/SeparadorFarmaciasChilecito.png 1181w\" sizes=\"auto, (max-width: 300px) 100vw, 300px\" \/><\/p>\n<hr \/>\n<p><strong>Cardi\u00f3logo Avilar C. Marcelo (Hemodinamia) Centro Mis Monta\u00f1as &#8211;<\/strong> Joaqu\u00edn V. Gonz\u00e1lez 543 &#8211; Tel: 380 4224509<\/p>\n<hr \/>\n<p><strong>Laboratorio LAC <\/strong>&#8211; Karina Isabel Moreno &#8211; Santiago Baz\u00e1n N\u00b0128 &#8211; Tel.:3825 674203<\/p>\n<hr \/>\n<p><strong>Cardiolog\u00eda Dr. Mario de la Vega Alcalde<\/strong> &#8211; La Plata N\u00b0 240 &#8211; Tel.: 03825-425000\/425300\/15666565<\/p>\n<hr \/>\n<p><strong>Psicolog\u00eda Lic. Sonia Elizabeth Perez<\/strong> &#8211; Osman Perez N\u00b0 7 &#8211; Te.: 3825 678055<\/p>\n<hr \/>\n<p><strong>Optica Santa Rita &#8211; <\/strong>25 De Mayo N\u00ba 47 &#8211; Tel.: 3825 438224<\/p>\n<hr \/>\n<p><strong>Optica Crill\u00f3n &#8211;<\/strong> La Plata 106 &#8211; Tel: 3825 660299<\/p>\n<hr \/>\n<p><img loading=\"lazy\" decoding=\"async\" class=\"alignnone size-medium wp-image-541\" src=\"https:\/\/assppol.com.ar\/wp-content\/uploads\/2023\/05\/SeparadorFarmaciasChepes-300x36.png\" alt=\"\" width=\"300\" height=\"36\" srcset=\"https:\/\/assppol.com.ar\/wp-content\/uploads\/2023\/05\/SeparadorFarmaciasChepes-300x36.png 300w, https:\/\/assppol.com.ar\/wp-content\/uploads\/2023\/05\/SeparadorFarmaciasChepes-1024x123.png 1024w, https:\/\/assppol.com.ar\/wp-content\/uploads\/2023\/05\/SeparadorFarmaciasChepes-768x92.png 768w, https:\/\/assppol.com.ar\/wp-content\/uploads\/2023\/05\/SeparadorFarmaciasChepes.png 1181w\" sizes=\"auto, (max-width: 300px) 100vw, 300px\" \/><\/p>\n<hr \/>\n<p><strong>Optica Visi\u00f3n &#8211;<\/strong> Av. San Martin entre Libertad y Per\u00f3n &#8211; Tel: 3821 495520<\/p>\n<hr \/>\n<p><strong>Odontolog\u00eda Dra. Eliana Medina &#8211;<\/strong> Centro Medico Las Heras, Calle Roque S. Pe\u00f1a y Mariano Moreno &#8211; Tel: 3826 403404<\/p>\n<hr \/>\n<p><strong>Centro Medico San Ignacio<\/strong> &#8211; Av. Belgrano Norte \u2013 Tel.: 3821-665432<\/p>\n<hr \/>\n<p><strong>Odontolog\u00eda Dr. Fabio Orlando Vega<\/strong> &#8211; Castro Barros 450. &#8211; Tel.: 3821 403023<\/p>\n<hr \/>\n<p><img loading=\"lazy\" decoding=\"async\" class=\"alignnone size-medium wp-image-542\" src=\"https:\/\/assppol.com.ar\/wp-content\/uploads\/2023\/05\/SeparadorFarmaciasChamical-300x36.png\" alt=\"\" width=\"300\" height=\"36\" srcset=\"https:\/\/assppol.com.ar\/wp-content\/uploads\/2023\/05\/SeparadorFarmaciasChamical-300x36.png 300w, https:\/\/assppol.com.ar\/wp-content\/uploads\/2023\/05\/SeparadorFarmaciasChamical-1024x123.png 1024w, https:\/\/assppol.com.ar\/wp-content\/uploads\/2023\/05\/SeparadorFarmaciasChamical-768x92.png 768w, https:\/\/assppol.com.ar\/wp-content\/uploads\/2023\/05\/SeparadorFarmaciasChamical.png 1181w\" sizes=\"auto, (max-width: 300px) 100vw, 300px\" \/><\/p>\n<hr \/>\n<p><strong>M\u00e9dico Cl\u00ednico Dr. Romero Mauro &#8211; <\/strong>\u00a0Diego Arroyo 79 &#8211; Tel.: 3826-508213<\/p>\n<hr \/>\n<p><strong>Optica Crill\u00f3n &#8211;<\/strong> Felix Abdala 93 &#8211; Tel: 380 4828925<\/p>\n<hr \/>\n<p><strong>Optica del Sol<\/strong> \u2013 Av. Per\u00f3n 63 \u2013 Tel.: 3826 414201<\/p>\n<hr \/>\n<p><img loading=\"lazy\" decoding=\"async\" class=\"alignnone size-medium wp-image-543\" src=\"https:\/\/assppol.com.ar\/wp-content\/uploads\/2023\/05\/SeparadorFarmaciasAimogasta-1-300x36.png\" alt=\"\" width=\"300\" height=\"36\" srcset=\"https:\/\/assppol.com.ar\/wp-content\/uploads\/2023\/05\/SeparadorFarmaciasAimogasta-1-300x36.png 300w, https:\/\/assppol.com.ar\/wp-content\/uploads\/2023\/05\/SeparadorFarmaciasAimogasta-1-1024x123.png 1024w, https:\/\/assppol.com.ar\/wp-content\/uploads\/2023\/05\/SeparadorFarmaciasAimogasta-1-768x92.png 768w, https:\/\/assppol.com.ar\/wp-content\/uploads\/2023\/05\/SeparadorFarmaciasAimogasta-1.png 1181w\" sizes=\"auto, (max-width: 300px) 100vw, 300px\" \/><\/p>\n<hr \/>\n<p><strong>kinesiologia y Fisioterapia Lic. Maria Laura de la Fuente &#8211;<\/strong> B\u00b0Inmaculada II, Calle Obispo Angelelli 106 &#8211; Tel: 351 7311649<\/p>\n<hr \/>\n<p><strong>Optica Crillon &#8211;<\/strong> Eva Per\u00f3n esq. 9 de Julio \u2013 Tel: 0380 4781727<\/p>\n<hr \/>\n<p><img loading=\"lazy\" decoding=\"async\" class=\"alignnone size-medium wp-image-544\" src=\"https:\/\/assppol.com.ar\/wp-content\/uploads\/2023\/05\/SeparadorFarmaciasViilaunion-300x36.png\" alt=\"\" width=\"300\" height=\"36\" srcset=\"https:\/\/assppol.com.ar\/wp-content\/uploads\/2023\/05\/SeparadorFarmaciasViilaunion-300x36.png 300w, https:\/\/assppol.com.ar\/wp-content\/uploads\/2023\/05\/SeparadorFarmaciasViilaunion-1024x123.png 1024w, https:\/\/assppol.com.ar\/wp-content\/uploads\/2023\/05\/SeparadorFarmaciasViilaunion-768x92.png 768w, https:\/\/assppol.com.ar\/wp-content\/uploads\/2023\/05\/SeparadorFarmaciasViilaunion.png 1181w\" sizes=\"auto, (max-width: 300px) 100vw, 300px\" \/><\/p>\n<hr \/>\n<p><strong>Optica Crill\u00f3n &#8211;<\/strong> Av. Nicolas Davila &#8211; Tel: 380 4870666<\/p>\n<hr \/>\n<p>&nbsp;<\/p>\n","protected":false},"excerpt":{"rendered":"<p>Armon\u00eda a Tu Bienestar (Centro de atenci\u00f3n Integral al cuidado del cuerpo) &#8211; Zona Sur&#8230;<\/p>\n","protected":false},"author":1,"featured_media":0,"parent":0,"menu_order":0,"comment_status":"closed","ping_status":"closed","template":"","meta":{"footnotes":""},"class_list":["post-263","page","type-page","status-publish","hentry"],"_links":{"self":[{"href":"https:\/\/assppol.com.ar\/index.php?rest_route=\/wp\/v2\/pages\/263","targetHints":{"allow":["GET"]}}],"collection":[{"href":"https:\/\/assppol.com.ar\/index.php?rest_route=\/wp\/v2\/pages"}],"about":[{"href":"https:\/\/assppol.com.ar\/index.php?rest_route=\/wp\/v2\/types\/page"}],"author":[{"embeddable":true,"href":"https:\/\/assppol.com.ar\/index.php?rest_route=\/wp\/v2\/users\/1"}],"replies":[{"embeddable":true,"href":"https:\/\/assppol.com.ar\/index.php?rest_route=%2Fwp%2Fv2%2Fcomments&post=263"}],"version-history":[{"count":30,"href":"https:\/\/assppol.com.ar\/index.php?rest_route=\/wp\/v2\/pages\/263\/revisions"}],"predecessor-version":[{"id":800,"href":"https:\/\/assppol.com.ar\/index.php?rest_route=\/wp\/v2\/pages\/263\/revisions\/800"}],"wp:attachment":[{"href":"https:\/\/assppol.com.ar\/index.php?rest_route=%2Fwp%2Fv2%2Fmedia&parent=263"}],"curies":[{"name":"wp","href":"https:\/\/api.w.org\/{rel}","templated":true}]}}